{"id":4228,"date":"2020-08-21T16:43:48","date_gmt":"2020-08-21T16:43:48","guid":{"rendered":"http:\/\/ferco.groupe-lob.com\/?page_id=4228"},"modified":"2021-10-15T10:41:54","modified_gmt":"2021-10-15T14:41:54","slug":"services","status":"publish","type":"page","link":"https:\/\/ferco.ca\/en\/services\/","title":{"rendered":"Services"},"content":{"rendered":"<p>[et_pb_section fb_built=&#8221;1&#8243; fullwidth=&#8221;on&#8221; module_class=&#8221;service-hero&#8221; _builder_version=&#8221;4.4.8&#8243; background_color=&#8221;rgba(0,0,0,0)&#8221; global_colors_info=&#8221;{}&#8221;][et_pb_fullwidth_slider arrows_custom_color=&#8221;#d5d6d7&#8243; dot_nav_custom_color=&#8221;#d5d6d7&#8243; module_class=&#8221;ferco-single-slider&#8221; _builder_version=&#8221;4.7.7&#8243; background_color=&#8221;#00305e&#8221; custom_padding=&#8221;||||false|false&#8221; animation_style=&#8221;slide&#8221; global_colors_info=&#8221;{}&#8221;][et_pb_slide heading=&#8221;Service for manufacturers and contractors&#8221; admin_title=&#8221;Service pour les fabricants et les entrepreneurs&#8221; _builder_version=&#8221;4.9.4&#8243; header_text_align=&#8221;left&#8221; header_text_color=&#8221;#2f2f2f&#8221; header_font_size=&#8221;2.33rem&#8221; body_text_color=&#8221;#2f2f2f&#8221; background_image=&#8221;https:\/\/ferco.ca\/wp-content\/uploads\/2020\/06\/gu-gruppe-service-slider.jpg&#8221; background_enable_image=&#8221;on&#8221; text_orientation=&#8221;left&#8221; background_layout=&#8221;light&#8221; width=&#8221;30%&#8221; global_colors_info=&#8221;{}&#8221; sticky_transition=&#8221;on&#8221;]<\/p>\n<p>&nbsp;<\/p>\n<p>We provide our clients with the great expertise of our team in the North American market, while seeking the support and international expertise of the GU group. Discover some of our services below and contact us to find out how we can help you in a personalized way.<\/p>\n<p><img decoding=\"async\" class=\"wp-image-336 alignnone size-medium\" src=\"https:\/\/ferco.ca\/wp-content\/uploads\/2020\/06\/skala.svg\" alt=\"\" width=\"undefined\" height=\"undefined\" \/><\/p>\n<p>[\/et_pb_slide][\/et_pb_fullwidth_slider][\/et_pb_section][et_pb_section fb_built=&#8221;1&#8243; _builder_version=&#8221;4.4.8&#8243; custom_padding=&#8221;0px||0px||true|false&#8221; global_colors_info=&#8221;{}&#8221;][et_pb_row _builder_version=&#8221;4.4.8&#8243; global_colors_info=&#8221;{}&#8221;][et_pb_column type=&#8221;4_4&#8243; _builder_version=&#8221;4.4.8&#8243; global_colors_info=&#8221;{}&#8221;][et_pb_divider show_divider=&#8221;off&#8221; _builder_version=&#8221;4.4.8&#8243; global_colors_info=&#8221;{}&#8221;][\/et_pb_divider][\/et_pb_column][\/et_pb_row][\/et_pb_section][et_pb_section fb_built=&#8221;1&#8243; module_class=&#8221;section&#8211;default-alt&#8221; _builder_version=&#8221;4.0.5&#8243; global_colors_info=&#8221;{}&#8221;][et_pb_row module_class=&#8221;skala-row&#8221; _builder_version=&#8221;4.0.5&#8243; global_colors_info=&#8221;{}&#8221;][et_pb_column type=&#8221;4_4&#8243; _builder_version=&#8221;4.0.5&#8243; global_colors_info=&#8221;{}&#8221;][et_pb_text module_class=&#8221;skala&#8221; _builder_version=&#8221;4.4.8&#8243; custom_margin=&#8221;||||false|false&#8221; global_colors_info=&#8221;{}&#8221;]<\/p>\n<h2>Services<\/h2>\n<p>[\/et_pb_text][\/et_pb_column][\/et_pb_row][et_pb_row column_structure=&#8221;1_3,1_3,1_3&#8243; use_custom_gutter=&#8221;on&#8221; gutter_width=&#8221;2&#8243; _builder_version=&#8221;4.0.5&#8243; custom_padding=&#8221;3px||60px|||&#8221; global_colors_info=&#8221;{}&#8221;][et_pb_column type=&#8221;1_3&#8243; _builder_version=&#8221;4.0.5&#8243; global_colors_info=&#8221;{}&#8221;][et_pb_blurb title=&#8221;Provision of samples&#8221; image=&#8221;https:\/\/ferco.ca\/wp-content\/uploads\/2020\/06\/provision-of-sample.jpg&#8221; module_class=&#8221;img-zoom&#8221; _builder_version=&#8221;4.9.4&#8243; header_line_height=&#8221;1.3em&#8221; global_colors_info=&#8221;{}&#8221;]<\/p>\n<p>Experience quality and functionality up close: Ferco provides samples for your projects and can also show you different variations and functions if necessary.<\/p>\n<p>[\/et_pb_blurb][\/et_pb_column][et_pb_column type=&#8221;1_3&#8243; _builder_version=&#8221;4.0.5&#8243; global_colors_info=&#8221;{}&#8221;][et_pb_blurb title=&#8221;Hardware and programming data&#8221; image=&#8221;https:\/\/ferco.ca\/wp-content\/uploads\/2020\/06\/hardware-data-service-and-machine-control.jpg&#8221; module_class=&#8221;img-zoom&#8221; _builder_version=&#8221;4.9.4&#8243; header_line_height=&#8221;1.3em&#8221; global_colors_info=&#8221;{}&#8221;]<\/p>\n<p>Ferco provides you with basic hardware data, including business and technical details \u2013 from briefing material or on demand.<\/p>\n<p>[\/et_pb_blurb][\/et_pb_column][et_pb_column type=&#8221;1_3&#8243; _builder_version=&#8221;4.0.5&#8243; global_colors_info=&#8221;{}&#8221;][et_pb_blurb title=&#8221;Information material to download&#8221; image=&#8221;https:\/\/ferco.ca\/wp-content\/uploads\/2020\/06\/information-material-to-download.jpg&#8221; module_class=&#8221;img-zoom&#8221; _builder_version=&#8221;4.9.4&#8243; header_line_height=&#8221;1.3em&#8221; global_colors_info=&#8221;{}&#8221;]<\/p>\n<p>Impress your customers with clear and comprehensive first-hand information: download catalogs, brochures and other documents directly from our website. Contact us if you cannot find the document you are looking for.<\/p>\n<p>[\/et_pb_blurb][\/et_pb_column][\/et_pb_row][et_pb_row column_structure=&#8221;1_3,1_3,1_3&#8243; use_custom_gutter=&#8221;on&#8221; gutter_width=&#8221;2&#8243; _builder_version=&#8221;4.0.5&#8243; custom_padding=&#8221;3px||60px|||&#8221; global_colors_info=&#8221;{}&#8221;][et_pb_column type=&#8221;1_3&#8243; _builder_version=&#8221;4.0.5&#8243; global_colors_info=&#8221;{}&#8221;][et_pb_blurb title=&#8221;Sample installation&#8221; image=&#8221;https:\/\/ferco.ca\/wp-content\/uploads\/2020\/06\/sample-installation.jpg&#8221; module_class=&#8221;img-zoom&#8221; _builder_version=&#8221;4.9.4&#8243; header_line_height=&#8221;1.3em&#8221; global_colors_info=&#8221;{}&#8221;]<\/p>\n<p>For smooth installation of window and door systems: get help from our experts, with installation plans, training and even on-site with a sample installation.<\/p>\n<p>[\/et_pb_blurb][\/et_pb_column][et_pb_column type=&#8221;1_3&#8243; _builder_version=&#8221;4.0.5&#8243; global_colors_info=&#8221;{}&#8221;][et_pb_blurb title=&#8221;Planning of individual window solutions in the fa\u00e7ade&#8221; image=&#8221;https:\/\/ferco.ca\/wp-content\/uploads\/2020\/06\/planning-of-individual-window-solution-in-the-facade.jpg&#8221; module_class=&#8221;img-zoom&#8221; _builder_version=&#8221;4.9.4&#8243; header_line_height=&#8221;1.3em&#8221; global_colors_info=&#8221;{}&#8221;]<\/p>\n<p>Specializing in all facade opening methods, Ferco combines standard elements from their established product line with project-specific components that are designed to individual customer specifications.<\/p>\n<p>[\/et_pb_blurb][\/et_pb_column][et_pb_column type=&#8221;1_3&#8243; _builder_version=&#8221;4.0.5&#8243; global_colors_info=&#8221;{}&#8221;][\/et_pb_column][\/et_pb_row][\/et_pb_section][et_pb_section fb_built=&#8221;1&#8243; admin_label=&#8221;Section s\u00e9parateur de texte (entre les \u00e9l\u00e9ments de pages)&#8221; _builder_version=&#8221;4.5.6&#8243; _module_preset=&#8221;default&#8221; custom_padding=&#8221;0px||0px||true|false&#8221; global_colors_info=&#8221;{}&#8221;][et_pb_row _builder_version=&#8221;4.5.6&#8243; _module_preset=&#8221;default&#8221; global_colors_info=&#8221;{}&#8221;][et_pb_column type=&#8221;4_4&#8243; _builder_version=&#8221;4.5.6&#8243; _module_preset=&#8221;default&#8221; global_colors_info=&#8221;{}&#8221;][et_pb_divider show_divider=&#8221;off&#8221; _builder_version=&#8221;4.5.8&#8243; _module_preset=&#8221;default&#8221; custom_padding=&#8221;30px||30px||true|false&#8221; global_colors_info=&#8221;{}&#8221;][\/et_pb_divider][\/et_pb_column][\/et_pb_row][\/et_pb_section]<\/p>\n","protected":false},"excerpt":{"rendered":"<p>&nbsp; We provide our clients with the great expertise of our team in the North American market, while seeking the support and international expertise of the GU group. Discover some of our services below and contact us to find out how we can help you in a personalized way. ServicesExperience quality and functionality up close: [&hellip;]<\/p>\n","protected":false},"author":4,"featured_media":0,"parent":0,"menu_order":0,"comment_status":"closed","ping_status":"closed","template":"","meta":{"_et_pb_use_builder":"on","_et_pb_old_content":"","_et_gb_content_width":"","footnotes":""},"class_list":["post-4228","page","type-page","status-publish","hentry"],"yoast_head":"<!-- This site is optimized with the Yoast SEO plugin v27.3 - https:\/\/yoast.com\/product\/yoast-seo-wordpress\/ -->\n<title>Services - Ferco<\/title>\n<meta name=\"robots\" content=\"index, follow, max-snippet:-1, max-image-preview:large, max-video-preview:-1\" \/>\n<link rel=\"canonical\" href=\"https:\/\/ferco.ca\/en\/services\/\" \/>\n<meta property=\"og:locale\" content=\"en_US\" \/>\n<meta property=\"og:type\" content=\"article\" \/>\n<meta property=\"og:title\" content=\"Services - Ferco\" \/>\n<meta property=\"og:description\" content=\"&nbsp; We provide our clients with the great expertise of our team in the North American market, while seeking the support and international expertise of the GU group. Discover some of our services below and contact us to find out how we can help you in a personalized way. ServicesExperience quality and functionality up close: [&hellip;]\" \/>\n<meta property=\"og:url\" content=\"https:\/\/ferco.ca\/en\/services\/\" \/>\n<meta property=\"og:site_name\" content=\"Ferco\" \/>\n<meta property=\"article:modified_time\" content=\"2021-10-15T14:41:54+00:00\" \/>\n<meta property=\"og:image\" content=\"https:\/\/ferco.ca\/wp-content\/uploads\/2020\/06\/skala.svg\" \/>\n<meta name=\"twitter:card\" content=\"summary_large_image\" \/>\n<meta name=\"twitter:label1\" content=\"Est. reading time\" \/>\n\t<meta name=\"twitter:data1\" content=\"4 minutes\" \/>\n<script type=\"application\/ld+json\" class=\"yoast-schema-graph\">{\"@context\":\"https:\\\/\\\/schema.org\",\"@graph\":[{\"@type\":\"WebPage\",\"@id\":\"https:\\\/\\\/ferco.ca\\\/en\\\/services\\\/\",\"url\":\"https:\\\/\\\/ferco.ca\\\/en\\\/services\\\/\",\"name\":\"Services - Ferco\",\"isPartOf\":{\"@id\":\"https:\\\/\\\/ferco.ca\\\/en\\\/#website\"},\"primaryImageOfPage\":{\"@id\":\"https:\\\/\\\/ferco.ca\\\/en\\\/services\\\/#primaryimage\"},\"image\":{\"@id\":\"https:\\\/\\\/ferco.ca\\\/en\\\/services\\\/#primaryimage\"},\"thumbnailUrl\":\"https:\\\/\\\/ferco.ca\\\/wp-content\\\/uploads\\\/2020\\\/06\\\/skala.svg\",\"datePublished\":\"2020-08-21T16:43:48+00:00\",\"dateModified\":\"2021-10-15T14:41:54+00:00\",\"breadcrumb\":{\"@id\":\"https:\\\/\\\/ferco.ca\\\/en\\\/services\\\/#breadcrumb\"},\"inLanguage\":\"en-US\",\"potentialAction\":[{\"@type\":\"ReadAction\",\"target\":[\"https:\\\/\\\/ferco.ca\\\/en\\\/services\\\/\"]}]},{\"@type\":\"ImageObject\",\"inLanguage\":\"en-US\",\"@id\":\"https:\\\/\\\/ferco.ca\\\/en\\\/services\\\/#primaryimage\",\"url\":\"https:\\\/\\\/ferco.ca\\\/wp-content\\\/uploads\\\/2020\\\/06\\\/skala.svg\",\"contentUrl\":\"https:\\\/\\\/ferco.ca\\\/wp-content\\\/uploads\\\/2020\\\/06\\\/skala.svg\"},{\"@type\":\"BreadcrumbList\",\"@id\":\"https:\\\/\\\/ferco.ca\\\/en\\\/services\\\/#breadcrumb\",\"itemListElement\":[{\"@type\":\"ListItem\",\"position\":1,\"name\":\"Accueil\",\"item\":\"https:\\\/\\\/ferco.ca\\\/en\\\/\"},{\"@type\":\"ListItem\",\"position\":2,\"name\":\"Services\"}]},{\"@type\":\"WebSite\",\"@id\":\"https:\\\/\\\/ferco.ca\\\/en\\\/#website\",\"url\":\"https:\\\/\\\/ferco.ca\\\/en\\\/\",\"name\":\"Ferco\",\"description\":\"\",\"potentialAction\":[{\"@type\":\"SearchAction\",\"target\":{\"@type\":\"EntryPoint\",\"urlTemplate\":\"https:\\\/\\\/ferco.ca\\\/en\\\/?s={search_term_string}\"},\"query-input\":{\"@type\":\"PropertyValueSpecification\",\"valueRequired\":true,\"valueName\":\"search_term_string\"}}],\"inLanguage\":\"en-US\"}]}<\/script>\n<!-- \/ Yoast SEO plugin. -->","yoast_head_json":{"title":"Services - Ferco","robots":{"index":"index","follow":"follow","max-snippet":"max-snippet:-1","max-image-preview":"max-image-preview:large","max-video-preview":"max-video-preview:-1"},"canonical":"https:\/\/ferco.ca\/en\/services\/","og_locale":"en_US","og_type":"article","og_title":"Services - Ferco","og_description":"&nbsp; We provide our clients with the great expertise of our team in the North American market, while seeking the support and international expertise of the GU group. Discover some of our services below and contact us to find out how we can help you in a personalized way. ServicesExperience quality and functionality up close: [&hellip;]","og_url":"https:\/\/ferco.ca\/en\/services\/","og_site_name":"Ferco","article_modified_time":"2021-10-15T14:41:54+00:00","og_image":[{"url":"https:\/\/ferco.ca\/wp-content\/uploads\/2020\/06\/skala.svg","type":"","width":"","height":""}],"twitter_card":"summary_large_image","twitter_misc":{"Est. reading time":"4 minutes"},"schema":{"@context":"https:\/\/schema.org","@graph":[{"@type":"WebPage","@id":"https:\/\/ferco.ca\/en\/services\/","url":"https:\/\/ferco.ca\/en\/services\/","name":"Services - Ferco","isPartOf":{"@id":"https:\/\/ferco.ca\/en\/#website"},"primaryImageOfPage":{"@id":"https:\/\/ferco.ca\/en\/services\/#primaryimage"},"image":{"@id":"https:\/\/ferco.ca\/en\/services\/#primaryimage"},"thumbnailUrl":"https:\/\/ferco.ca\/wp-content\/uploads\/2020\/06\/skala.svg","datePublished":"2020-08-21T16:43:48+00:00","dateModified":"2021-10-15T14:41:54+00:00","breadcrumb":{"@id":"https:\/\/ferco.ca\/en\/services\/#breadcrumb"},"inLanguage":"en-US","potentialAction":[{"@type":"ReadAction","target":["https:\/\/ferco.ca\/en\/services\/"]}]},{"@type":"ImageObject","inLanguage":"en-US","@id":"https:\/\/ferco.ca\/en\/services\/#primaryimage","url":"https:\/\/ferco.ca\/wp-content\/uploads\/2020\/06\/skala.svg","contentUrl":"https:\/\/ferco.ca\/wp-content\/uploads\/2020\/06\/skala.svg"},{"@type":"BreadcrumbList","@id":"https:\/\/ferco.ca\/en\/services\/#breadcrumb","itemListElement":[{"@type":"ListItem","position":1,"name":"Accueil","item":"https:\/\/ferco.ca\/en\/"},{"@type":"ListItem","position":2,"name":"Services"}]},{"@type":"WebSite","@id":"https:\/\/ferco.ca\/en\/#website","url":"https:\/\/ferco.ca\/en\/","name":"Ferco","description":"","potentialAction":[{"@type":"SearchAction","target":{"@type":"EntryPoint","urlTemplate":"https:\/\/ferco.ca\/en\/?s={search_term_string}"},"query-input":{"@type":"PropertyValueSpecification","valueRequired":true,"valueName":"search_term_string"}}],"inLanguage":"en-US"}]}},"_links":{"self":[{"href":"https:\/\/ferco.ca\/en\/wp-json\/wp\/v2\/pages\/4228","targetHints":{"allow":["GET"]}}],"collection":[{"href":"https:\/\/ferco.ca\/en\/wp-json\/wp\/v2\/pages"}],"about":[{"href":"https:\/\/ferco.ca\/en\/wp-json\/wp\/v2\/types\/page"}],"author":[{"embeddable":true,"href":"https:\/\/ferco.ca\/en\/wp-json\/wp\/v2\/users\/4"}],"replies":[{"embeddable":true,"href":"https:\/\/ferco.ca\/en\/wp-json\/wp\/v2\/comments?post=4228"}],"version-history":[{"count":3,"href":"https:\/\/ferco.ca\/en\/wp-json\/wp\/v2\/pages\/4228\/revisions"}],"predecessor-version":[{"id":10846,"href":"https:\/\/ferco.ca\/en\/wp-json\/wp\/v2\/pages\/4228\/revisions\/10846"}],"wp:attachment":[{"href":"https:\/\/ferco.ca\/en\/wp-json\/wp\/v2\/media?parent=4228"}],"curies":[{"name":"wp","href":"https:\/\/api.w.org\/{rel}","templated":true}]}}